{"id":6629,"date":"2025-06-30T11:24:12","date_gmt":"2025-06-30T11:24:12","guid":{"rendered":"https:\/\/estancreus1.com\/tarjetas-regalo-gift-cards\/"},"modified":"2025-09-03T15:10:42","modified_gmt":"2025-09-03T15:10:42","slug":"tarjetas-regalo-gift-cards","status":"publish","type":"page","link":"https:\/\/estancreus1.com\/es\/servicios\/tarjetas-regalo-gift-cards\/","title":{"rendered":"Tarjetas regalo \/ Gift Cards"},"content":{"rendered":"\t\t<div data-elementor-type=\"wp-page\" data-elementor-id=\"6629\" class=\"elementor elementor-6629 elementor-4689\" data-elementor-post-type=\"page\">\n\t\t\t\t<div class=\"elementor-element elementor-element-8402b57 e-flex e-con-boxed e-con e-parent\" data-id=\"8402b57\" data-element_type=\"container\" data-e-type=\"container\">\n\t\t\t\t\t<div class=\"e-con-inner\">\n\t\t<div class=\"elementor-element elementor-element-fa97240 animated-slow e-flex e-con-boxed elementor-invisible e-con e-child\" data-id=\"fa97240\" data-element_type=\"container\" data-e-type=\"container\" data-settings=\"{&quot;animation&quot;:&quot;fadeInUp&quot;}\">\n\t\t\t\t\t<div class=\"e-con-inner\">\n\t\t<div class=\"elementor-element elementor-element-4c5b666 e-con-full e-flex e-con e-child\" data-id=\"4c5b666\" data-element_type=\"container\" data-e-type=\"container\">\n\t\t\t\t<div class=\"elementor-element elementor-element-071ca36 elementor-widget elementor-widget-heading\" data-id=\"071ca36\" data-element_type=\"widget\" data-e-type=\"widget\" data-widget_type=\"heading.default\">\n\t\t\t\t<div class=\"elementor-widget-container\">\n\t\t\t\t\t<h1 class=\"elementor-heading-title elementor-size-default\">Tarjetas regalo<\/h1>\t\t\t\t<\/div>\n\t\t\t\t<\/div>\n\t\t\t\t<\/div>\n\t\t<div class=\"elementor-element elementor-element-a6936fd e-con-full e-flex e-con e-child\" data-id=\"a6936fd\" data-element_type=\"container\" data-e-type=\"container\">\n\t\t\t\t<div class=\"elementor-element elementor-element-3e34913 elementor-widget__width-inherit elementor-widget-mobile__width-inherit elementor-widget elementor-widget-text-editor\" data-id=\"3e34913\" data-element_type=\"widget\" data-e-type=\"widget\" data-widget_type=\"text-editor.default\">\n\t\t\t\t<div class=\"elementor-widget-container\">\n\t\t\t\t\t\t\t\t\t<p data-start=\"70\" data-end=\"219\">Encuentra tarjetas de Steam, Amazon y muchas m\u00e1s. El regalo ideal, f\u00e1cil e inmediato, para cualquier ocasi\u00f3n. <\/p>\t\t\t\t\t\t\t\t<\/div>\n\t\t\t\t<\/div>\n\t\t\t\t<\/div>\n\t\t\t\t\t<\/div>\n\t\t\t\t<\/div>\n\t\t\t\t\t<\/div>\n\t\t\t\t<\/div>\n\t\t<div class=\"elementor-element elementor-element-6a552d7 e-grid animated-slow e-con-boxed elementor-invisible e-con e-parent\" data-id=\"6a552d7\" data-element_type=\"container\" data-e-type=\"container\" data-settings=\"{&quot;animation&quot;:&quot;fadeIn&quot;}\">\n\t\t\t\t\t<div class=\"e-con-inner\">\n\t\t\t\t<div class=\"elementor-element elementor-element-c76b566 elementor-widget elementor-widget-image\" data-id=\"c76b566\" data-element_type=\"widget\" data-e-type=\"widget\" data-widget_type=\"image.default\">\n\t\t\t\t<div class=\"elementor-widget-container\">\n\t\t\t\t\t\t\t\t\t\t\t\t\t\t\t<img fetchpriority=\"high\" decoding=\"async\" width=\"250\" height=\"268\" src=\"https:\/\/estancreus1.com\/wp-content\/uploads\/2025\/06\/cine.png\" class=\"attachment-large size-large wp-image-6632\" alt=\"\" title=\"\">\t\t\t\t\t\t\t\t\t\t\t\t\t\t\t<\/div>\n\t\t\t\t<\/div>\n\t\t\t\t<div class=\"elementor-element elementor-element-6685205 elementor-widget elementor-widget-image\" data-id=\"6685205\" data-element_type=\"widget\" data-e-type=\"widget\" data-widget_type=\"image.default\">\n\t\t\t\t<div class=\"elementor-widget-container\">\n\t\t\t\t\t\t\t\t\t\t\t\t\t\t\t<img decoding=\"async\" width=\"250\" height=\"268\" src=\"https:\/\/estancreus1.com\/wp-content\/uploads\/2025\/06\/fnac.png\" class=\"attachment-large size-large wp-image-6634\" alt=\"\" title=\"\">\t\t\t\t\t\t\t\t\t\t\t\t\t\t\t<\/div>\n\t\t\t\t<\/div>\n\t\t\t\t<div class=\"elementor-element elementor-element-b35493d elementor-widget elementor-widget-image\" data-id=\"b35493d\" data-element_type=\"widget\" data-e-type=\"widget\" data-widget_type=\"image.default\">\n\t\t\t\t<div class=\"elementor-widget-container\">\n\t\t\t\t\t\t\t\t\t\t\t\t\t\t\t<img decoding=\"async\" width=\"250\" height=\"268\" src=\"https:\/\/estancreus1.com\/wp-content\/uploads\/2025\/06\/apple.png\" class=\"attachment-large size-large wp-image-6631\" alt=\"\" title=\"\">\t\t\t\t\t\t\t\t\t\t\t\t\t\t\t<\/div>\n\t\t\t\t<\/div>\n\t\t\t\t<div class=\"elementor-element elementor-element-98c817d elementor-widget elementor-widget-image\" data-id=\"98c817d\" data-element_type=\"widget\" data-e-type=\"widget\" data-widget_type=\"image.default\">\n\t\t\t\t<div class=\"elementor-widget-container\">\n\t\t\t\t\t\t\t\t\t\t\t\t\t\t\t<img loading=\"lazy\" decoding=\"async\" width=\"250\" height=\"268\" src=\"https:\/\/estancreus1.com\/wp-content\/uploads\/2025\/06\/google.png\" class=\"attachment-large size-large wp-image-6636\" alt=\"\" title=\"\">\t\t\t\t\t\t\t\t\t\t\t\t\t\t\t<\/div>\n\t\t\t\t<\/div>\n\t\t\t\t<div class=\"elementor-element elementor-element-b30435e elementor-widget elementor-widget-image\" data-id=\"b30435e\" data-element_type=\"widget\" data-e-type=\"widget\" data-widget_type=\"image.default\">\n\t\t\t\t<div class=\"elementor-widget-container\">\n\t\t\t\t\t\t\t\t\t\t\t\t\t\t\t<img loading=\"lazy\" decoding=\"async\" width=\"250\" height=\"268\" src=\"https:\/\/estancreus1.com\/wp-content\/uploads\/2025\/06\/amazon.png\" class=\"attachment-large size-large wp-image-6630\" alt=\"\" title=\"\">\t\t\t\t\t\t\t\t\t\t\t\t\t\t\t<\/div>\n\t\t\t\t<\/div>\n\t\t\t\t<div class=\"elementor-element elementor-element-d67a92d elementor-widget elementor-widget-image\" data-id=\"d67a92d\" data-element_type=\"widget\" data-e-type=\"widget\" data-widget_type=\"image.default\">\n\t\t\t\t<div class=\"elementor-widget-container\">\n\t\t\t\t\t\t\t\t\t\t\t\t\t\t\t<img loading=\"lazy\" decoding=\"async\" width=\"250\" height=\"268\" src=\"https:\/\/estancreus1.com\/wp-content\/uploads\/2025\/06\/play.png\" class=\"attachment-large size-large wp-image-6638\" alt=\"\" title=\"\">\t\t\t\t\t\t\t\t\t\t\t\t\t\t\t<\/div>\n\t\t\t\t<\/div>\n\t\t\t\t<div class=\"elementor-element elementor-element-48e5393 elementor-widget elementor-widget-image\" data-id=\"48e5393\" data-element_type=\"widget\" data-e-type=\"widget\" data-widget_type=\"image.default\">\n\t\t\t\t<div class=\"elementor-widget-container\">\n\t\t\t\t\t\t\t\t\t\t\t\t\t\t\t<img loading=\"lazy\" decoding=\"async\" width=\"250\" height=\"268\" src=\"https:\/\/estancreus1.com\/wp-content\/uploads\/2025\/06\/xbox.png\" class=\"attachment-large size-large wp-image-6641\" alt=\"\" title=\"\">\t\t\t\t\t\t\t\t\t\t\t\t\t\t\t<\/div>\n\t\t\t\t<\/div>\n\t\t\t\t<div class=\"elementor-element elementor-element-b0c969a elementor-widget elementor-widget-image\" data-id=\"b0c969a\" data-element_type=\"widget\" data-e-type=\"widget\" data-widget_type=\"image.default\">\n\t\t\t\t<div class=\"elementor-widget-container\">\n\t\t\t\t\t\t\t\t\t\t\t\t\t\t\t<img loading=\"lazy\" decoding=\"async\" width=\"250\" height=\"268\" src=\"https:\/\/estancreus1.com\/wp-content\/uploads\/2025\/06\/wuaki.png\" class=\"attachment-large size-large wp-image-6640\" alt=\"\" title=\"\">\t\t\t\t\t\t\t\t\t\t\t\t\t\t\t<\/div>\n\t\t\t\t<\/div>\n\t\t\t\t<div class=\"elementor-element elementor-element-a570756 elementor-widget elementor-widget-image\" data-id=\"a570756\" data-element_type=\"widget\" data-e-type=\"widget\" data-widget_type=\"image.default\">\n\t\t\t\t<div class=\"elementor-widget-container\">\n\t\t\t\t\t\t\t\t\t\t\t\t\t\t\t<img loading=\"lazy\" decoding=\"async\" width=\"250\" height=\"268\" src=\"https:\/\/estancreus1.com\/wp-content\/uploads\/2025\/06\/nintendo.png\" class=\"attachment-large size-large wp-image-6637\" alt=\"\" title=\"\">\t\t\t\t\t\t\t\t\t\t\t\t\t\t\t<\/div>\n\t\t\t\t<\/div>\n\t\t\t\t<div class=\"elementor-element elementor-element-b98f430 elementor-widget elementor-widget-image\" data-id=\"b98f430\" data-element_type=\"widget\" data-e-type=\"widget\" data-widget_type=\"image.default\">\n\t\t\t\t<div class=\"elementor-widget-container\">\n\t\t\t\t\t\t\t\t\t\t\t\t\t\t\t<img loading=\"lazy\" decoding=\"async\" width=\"250\" height=\"268\" src=\"https:\/\/estancreus1.com\/wp-content\/uploads\/2025\/06\/steam.png\" class=\"attachment-large size-large wp-image-6639\" alt=\"\" title=\"\">\t\t\t\t\t\t\t\t\t\t\t\t\t\t\t<\/div>\n\t\t\t\t<\/div>\n\t\t\t\t<div class=\"elementor-element elementor-element-d081eb8 elementor-widget elementor-widget-image\" data-id=\"d081eb8\" data-element_type=\"widget\" data-e-type=\"widget\" data-widget_type=\"image.default\">\n\t\t\t\t<div class=\"elementor-widget-container\">\n\t\t\t\t\t\t\t\t\t\t\t\t\t\t\t<img loading=\"lazy\" decoding=\"async\" width=\"250\" height=\"268\" src=\"https:\/\/estancreus1.com\/wp-content\/uploads\/2025\/06\/game.png\" class=\"attachment-large size-large wp-image-6635\" alt=\"\" title=\"\">\t\t\t\t\t\t\t\t\t\t\t\t\t\t\t<\/div>\n\t\t\t\t<\/div>\n\t\t\t\t<div class=\"elementor-element elementor-element-953b75d elementor-widget elementor-widget-image\" data-id=\"953b75d\" data-element_type=\"widget\" data-e-type=\"widget\" data-widget_type=\"image.default\">\n\t\t\t\t<div class=\"elementor-widget-container\">\n\t\t\t\t\t\t\t\t\t\t\t\t\t\t\t<img loading=\"lazy\" decoding=\"async\" width=\"250\" height=\"268\" src=\"https:\/\/estancreus1.com\/wp-content\/uploads\/2025\/06\/craft.png\" class=\"attachment-large size-large wp-image-6633\" alt=\"\" title=\"\">\t\t\t\t\t\t\t\t\t\t\t\t\t\t\t<\/div>\n\t\t\t\t<\/div>\n\t\t\t\t\t<\/div>\n\t\t\t\t<\/div>\n\t\t\t\t<\/div>\n\t\t","protected":false},"excerpt":{"rendered":"<p>Tarjetas regalo Encuentra tarjetas de Steam, Amazon y muchas m\u00e1s. El regalo ideal, f\u00e1cil e inmediato, para cualquier ocasi\u00f3n.<\/p>\n","protected":false},"author":1,"featured_media":0,"parent":7047,"menu_order":0,"comment_status":"closed","ping_status":"closed","template":"","meta":{"footnotes":""},"class_list":["post-6629","page","type-page","status-publish","hentry"],"_links":{"self":[{"href":"https:\/\/estancreus1.com\/es\/wp-json\/wp\/v2\/pages\/6629","targetHints":{"allow":["GET"]}}],"collection":[{"href":"https:\/\/estancreus1.com\/es\/wp-json\/wp\/v2\/pages"}],"about":[{"href":"https:\/\/estancreus1.com\/es\/wp-json\/wp\/v2\/types\/page"}],"author":[{"embeddable":true,"href":"https:\/\/estancreus1.com\/es\/wp-json\/wp\/v2\/users\/1"}],"replies":[{"embeddable":true,"href":"https:\/\/estancreus1.com\/es\/wp-json\/wp\/v2\/comments?post=6629"}],"version-history":[{"count":1,"href":"https:\/\/estancreus1.com\/es\/wp-json\/wp\/v2\/pages\/6629\/revisions"}],"predecessor-version":[{"id":6642,"href":"https:\/\/estancreus1.com\/es\/wp-json\/wp\/v2\/pages\/6629\/revisions\/6642"}],"up":[{"embeddable":true,"href":"https:\/\/estancreus1.com\/es\/wp-json\/wp\/v2\/pages\/7047"}],"wp:attachment":[{"href":"https:\/\/estancreus1.com\/es\/wp-json\/wp\/v2\/media?parent=6629"}],"curies":[{"name":"wp","href":"https:\/\/api.w.org\/{rel}","templated":true}]}}