{"id":6672,"date":"2025-07-01T18:01:30","date_gmt":"2025-07-01T18:01:30","guid":{"rendered":"https:\/\/estancreus1.com\/recarga-de-tarjetas-de-transporte\/"},"modified":"2025-09-03T15:10:44","modified_gmt":"2025-09-03T15:10:44","slug":"recarga-de-tarjetas-de-transporte","status":"publish","type":"page","link":"https:\/\/estancreus1.com\/es\/servicios\/recarga-de-tarjetas-de-transporte\/","title":{"rendered":"Recarga de tarjetas de transporte"},"content":{"rendered":"\t\t<div data-elementor-type=\"wp-page\" data-elementor-id=\"6672\" class=\"elementor elementor-6672 elementor-4891\" data-elementor-post-type=\"page\">\n\t\t\t\t<div class=\"elementor-element elementor-element-a3b05b1 e-flex e-con-boxed e-con e-parent\" data-id=\"a3b05b1\" data-element_type=\"container\" data-e-type=\"container\">\n\t\t\t\t\t<div class=\"e-con-inner\">\n\t\t<div class=\"elementor-element elementor-element-10b37eb e-flex e-con-boxed e-con e-child\" data-id=\"10b37eb\" data-element_type=\"container\" data-e-type=\"container\">\n\t\t\t\t\t<div class=\"e-con-inner\">\n\t\t<div class=\"elementor-element elementor-element-5f9f21d e-con-full e-flex e-con e-child\" data-id=\"5f9f21d\" data-element_type=\"container\" data-e-type=\"container\">\n\t\t\t\t<div class=\"elementor-element elementor-element-8c682f8 elementor-widget elementor-widget-heading\" data-id=\"8c682f8\" data-element_type=\"widget\" data-e-type=\"widget\" data-widget_type=\"heading.default\">\n\t\t\t\t<div class=\"elementor-widget-container\">\n\t\t\t\t\t<h1 class=\"elementor-heading-title elementor-size-default\">Recarga de tarjetas<br>de transporte<\/h1>\t\t\t\t<\/div>\n\t\t\t\t<\/div>\n\t\t\t\t<\/div>\n\t\t<div class=\"elementor-element elementor-element-4459c92 e-con-full e-flex e-con e-child\" data-id=\"4459c92\" data-element_type=\"container\" data-e-type=\"container\">\n\t\t\t\t<div class=\"elementor-element elementor-element-ecd76a4 elementor-widget__width-inherit elementor-widget-mobile__width-inherit elementor-widget elementor-widget-text-editor\" data-id=\"ecd76a4\" data-element_type=\"widget\" data-e-type=\"widget\" data-widget_type=\"text-editor.default\">\n\t\t\t\t<div class=\"elementor-widget-container\">\n\t\t\t\t\t\t\t\t\t<p data-start=\"70\" data-end=\"219\">En nuestro estanco podr\u00e1s recargar tu tarjeta transporte T10, T10\/30 y TMES de Reus, as\u00ed como el abono ATM T-10 de Tarragona.<\/p>\t\t\t\t\t\t\t\t<\/div>\n\t\t\t\t<\/div>\n\t\t\t\t<\/div>\n\t\t\t\t\t<\/div>\n\t\t\t\t<\/div>\n\t\t\t\t\t<\/div>\n\t\t\t\t<\/div>\n\t\t<div class=\"elementor-element elementor-element-3fb173a e-flex e-con-boxed e-con e-parent\" data-id=\"3fb173a\" data-element_type=\"container\" data-e-type=\"container\">\n\t\t\t\t\t<div class=\"e-con-inner\">\n\t\t<div class=\"elementor-element elementor-element-5da7db1 e-con-full e-flex e-con e-child\" data-id=\"5da7db1\" data-element_type=\"container\" data-e-type=\"container\">\n\t\t<div class=\"elementor-element elementor-element-c4a640e e-con-full e-flex e-con e-child\" data-id=\"c4a640e\" data-element_type=\"container\" data-e-type=\"container\">\n\t\t\t\t<div class=\"elementor-element elementor-element-ffa73b8 elementor-widget elementor-widget-image\" data-id=\"ffa73b8\" data-element_type=\"widget\" data-e-type=\"widget\" data-widget_type=\"image.default\">\n\t\t\t\t<div class=\"elementor-widget-container\">\n\t\t\t\t\t\t\t\t\t\t\t\t\t\t\t<img fetchpriority=\"high\" decoding=\"async\" width=\"375\" height=\"260\" src=\"https:\/\/estancreus1.com\/wp-content\/uploads\/2025\/07\/tarjeta1-1.png\" class=\"attachment-large size-large wp-image-6673\" alt=\"\" srcset=\"https:\/\/estancreus1.com\/wp-content\/uploads\/2025\/07\/tarjeta1-1.png 375w, https:\/\/estancreus1.com\/wp-content\/uploads\/2025\/07\/tarjeta1-1-300x208.png 300w\" sizes=\"(max-width: 375px) 100vw, 375px\" title=\"\">\t\t\t\t\t\t\t\t\t\t\t\t\t\t\t<\/div>\n\t\t\t\t<\/div>\n\t\t\t\t<\/div>\n\t\t<div class=\"elementor-element elementor-element-a2599cf e-con-full e-flex e-con e-child\" data-id=\"a2599cf\" data-element_type=\"container\" data-e-type=\"container\">\n\t\t\t\t<div class=\"elementor-element elementor-element-eea6d08 elementor-widget elementor-widget-heading\" data-id=\"eea6d08\" data-element_type=\"widget\" data-e-type=\"widget\" data-widget_type=\"heading.default\">\n\t\t\t\t<div class=\"elementor-widget-container\">\n\t\t\t\t\t<h2 class=\"elementor-heading-title elementor-size-default\">Tarjeta T10<\/h2>\t\t\t\t<\/div>\n\t\t\t\t<\/div>\n\t\t\t\t<div class=\"elementor-element elementor-element-62611fc elementor-widget elementor-widget-text-editor\" data-id=\"62611fc\" data-element_type=\"widget\" data-e-type=\"widget\" data-widget_type=\"text-editor.default\">\n\t\t\t\t<div class=\"elementor-widget-container\">\n\t\t\t\t\t\t\t\t\t<p>Reus Transport dispone de tarjetas multiviaje con abono sobre la tarifa general. La Tarjeta T10 est\u00e1 pensada para viajeros que utilizan el transporte urbano habitualmente.<\/p><p>La tarjeta almacenar\u00e1 como m\u00e1ximo 5 recargas de 10 viajes cada una a realizar en un plazo de 3 meses a partir de la fecha de la primera validaci\u00f3n de cada recarga. La tarjeta permite transbordo gratuito entre l\u00edneas diferentes durante 1 hora y 15 minutos.<\/p><p>Es necesario validar la tarjeta cada vez que se efect\u00faa un viaje.<\/p><p>Puedes consultar el saldo de su tarjeta desde el punto de informaci\u00f3n de dentro del autob\u00fas.<\/p><p>El precio del soporte es de <strong>2,15\u20ac<\/strong>. El precio de cada recarga es de <strong>4,20 \u20ac<\/strong><\/p>\t\t\t\t\t\t\t\t<\/div>\n\t\t\t\t<\/div>\n\t\t\t\t<div class=\"elementor-element elementor-element-da12614 elementor-align-justify elementor-widget elementor-widget-button\" data-id=\"da12614\" data-element_type=\"widget\" data-e-type=\"widget\" data-widget_type=\"button.default\">\n\t\t\t\t<div class=\"elementor-widget-container\">\n\t\t\t\t\t\t\t\t\t<div class=\"elementor-button-wrapper\">\n\t\t\t\t\t<a class=\"elementor-button elementor-button-link elementor-size-sm\" href=\"https:\/\/www.reustransport.cat\/wp-content\/uploads\/2017\/01\/plano2017.pdf\" target=\"_blank\" rel=\"noopener\">\n\t\t\t\t\t\t<span class=\"elementor-button-content-wrapper\">\n\t\t\t\t\t\t\t\t\t<span class=\"elementor-button-text\">Ver plano<\/span>\n\t\t\t\t\t<\/span>\n\t\t\t\t\t<\/a>\n\t\t\t\t<\/div>\n\t\t\t\t\t\t\t\t<\/div>\n\t\t\t\t<\/div>\n\t\t\t\t<\/div>\n\t\t\t\t<\/div>\n\t\t<div class=\"elementor-element elementor-element-4a975a8 e-con-full e-flex e-con e-child\" data-id=\"4a975a8\" data-element_type=\"container\" data-e-type=\"container\">\n\t\t<div class=\"elementor-element elementor-element-d4744a3 e-con-full e-flex e-con e-child\" data-id=\"d4744a3\" data-element_type=\"container\" data-e-type=\"container\">\n\t\t\t\t<div class=\"elementor-element elementor-element-e4b4a4f elementor-widget elementor-widget-image\" data-id=\"e4b4a4f\" data-element_type=\"widget\" data-e-type=\"widget\" data-widget_type=\"image.default\">\n\t\t\t\t<div class=\"elementor-widget-container\">\n\t\t\t\t\t\t\t\t\t\t\t\t\t\t\t<img decoding=\"async\" width=\"375\" height=\"260\" src=\"https:\/\/estancreus1.com\/wp-content\/uploads\/2025\/07\/tarjeta2.png\" class=\"attachment-large size-large wp-image-6674\" alt=\"\" srcset=\"https:\/\/estancreus1.com\/wp-content\/uploads\/2025\/07\/tarjeta2.png 375w, https:\/\/estancreus1.com\/wp-content\/uploads\/2025\/07\/tarjeta2-300x208.png 300w\" sizes=\"(max-width: 375px) 100vw, 375px\" title=\"\">\t\t\t\t\t\t\t\t\t\t\t\t\t\t\t<\/div>\n\t\t\t\t<\/div>\n\t\t\t\t<\/div>\n\t\t<div class=\"elementor-element elementor-element-e9f9c1b e-con-full e-flex e-con e-child\" data-id=\"e9f9c1b\" data-element_type=\"container\" data-e-type=\"container\">\n\t\t\t\t<div class=\"elementor-element elementor-element-aee0614 elementor-widget elementor-widget-heading\" data-id=\"aee0614\" data-element_type=\"widget\" data-e-type=\"widget\" data-widget_type=\"heading.default\">\n\t\t\t\t<div class=\"elementor-widget-container\">\n\t\t\t\t\t<h2 class=\"elementor-heading-title elementor-size-default\">Tarjeta T10\/30<\/h2>\t\t\t\t<\/div>\n\t\t\t\t<\/div>\n\t\t\t\t<div class=\"elementor-element elementor-element-6c70ee5 elementor-widget elementor-widget-text-editor\" data-id=\"6c70ee5\" data-element_type=\"widget\" data-e-type=\"widget\" data-widget_type=\"text-editor.default\">\n\t\t\t\t<div class=\"elementor-widget-container\">\n\t\t\t\t\t\t\t\t\t<p>Reus Transport dispone de tarjetas multiviaje con abono sobre la tarifa general. La Tarjeta T10 est\u00e1 pensada para viajeros que utilizan el transporte urbano habitualmente.<\/p><p>La tarjeta almacena como m\u00e1ximo 5 recargas de 10 viajes cada una a realizar en un plazo de 30 d\u00edas a partir de la fecha de la primera validaci\u00f3n de cada recarga. La tarjeta permite transbordo gratuito entre l\u00edneas diferentes durante 1 hora y 15 minutos.<\/p><p>Es necesario validar la tarjeta cada vez que se efect\u00faa un viaje.<\/p><p>Puedes consultar el saldo de su tarjeta desde el punto de informaci\u00f3n de dentro del autob\u00fas.<\/p><p>El precio del soporte es de <strong>2,15\u20ac<\/strong>. El precio de cada recarga es de <strong>3,65 \u20ac<\/strong><\/p>\t\t\t\t\t\t\t\t<\/div>\n\t\t\t\t<\/div>\n\t\t\t\t<div class=\"elementor-element elementor-element-8e1c979 elementor-align-justify elementor-widget elementor-widget-button\" data-id=\"8e1c979\" data-element_type=\"widget\" data-e-type=\"widget\" data-widget_type=\"button.default\">\n\t\t\t\t<div class=\"elementor-widget-container\">\n\t\t\t\t\t\t\t\t\t<div class=\"elementor-button-wrapper\">\n\t\t\t\t\t<a class=\"elementor-button elementor-button-link elementor-size-sm\" href=\"https:\/\/www.reustransport.cat\/wp-content\/uploads\/2017\/01\/plano2017.pdf\" target=\"_blank\" rel=\"noopener\">\n\t\t\t\t\t\t<span class=\"elementor-button-content-wrapper\">\n\t\t\t\t\t\t\t\t\t<span class=\"elementor-button-text\">Ver plano<\/span>\n\t\t\t\t\t<\/span>\n\t\t\t\t\t<\/a>\n\t\t\t\t<\/div>\n\t\t\t\t\t\t\t\t<\/div>\n\t\t\t\t<\/div>\n\t\t\t\t<\/div>\n\t\t\t\t<\/div>\n\t\t<div class=\"elementor-element elementor-element-c132690 e-con-full e-flex e-con e-child\" data-id=\"c132690\" data-element_type=\"container\" data-e-type=\"container\">\n\t\t<div class=\"elementor-element elementor-element-83aa5df e-con-full e-flex e-con e-child\" data-id=\"83aa5df\" data-element_type=\"container\" data-e-type=\"container\">\n\t\t\t\t<div class=\"elementor-element elementor-element-afd57fd elementor-widget elementor-widget-image\" data-id=\"afd57fd\" data-element_type=\"widget\" data-e-type=\"widget\" data-widget_type=\"image.default\">\n\t\t\t\t<div class=\"elementor-widget-container\">\n\t\t\t\t\t\t\t\t\t\t\t\t\t\t\t<img decoding=\"async\" width=\"469\" height=\"312\" src=\"https:\/\/estancreus1.com\/wp-content\/uploads\/2025\/09\/TMes.png\" class=\"attachment-large size-large wp-image-6974\" alt=\"\" srcset=\"https:\/\/estancreus1.com\/wp-content\/uploads\/2025\/09\/TMes.png 469w, https:\/\/estancreus1.com\/wp-content\/uploads\/2025\/09\/TMes-300x200.png 300w\" sizes=\"(max-width: 469px) 100vw, 469px\" title=\"\">\t\t\t\t\t\t\t\t\t\t\t\t\t\t\t<\/div>\n\t\t\t\t<\/div>\n\t\t\t\t<\/div>\n\t\t<div class=\"elementor-element elementor-element-4b27e4c e-con-full e-flex e-con e-child\" data-id=\"4b27e4c\" data-element_type=\"container\" data-e-type=\"container\">\n\t\t\t\t<div class=\"elementor-element elementor-element-bf58b0b elementor-widget elementor-widget-heading\" data-id=\"bf58b0b\" data-element_type=\"widget\" data-e-type=\"widget\" data-widget_type=\"heading.default\">\n\t\t\t\t<div class=\"elementor-widget-container\">\n\t\t\t\t\t<h2 class=\"elementor-heading-title elementor-size-default\">Tarjeta TMES<\/h2>\t\t\t\t<\/div>\n\t\t\t\t<\/div>\n\t\t\t\t<div class=\"elementor-element elementor-element-61cceb2 elementor-widget elementor-widget-text-editor\" data-id=\"61cceb2\" data-element_type=\"widget\" data-e-type=\"widget\" data-widget_type=\"text-editor.default\">\n\t\t\t\t<div class=\"elementor-widget-container\">\n\t\t\t\t\t\t\t\t\t<p>La tarjeta TMes es personal e intransferible (no lleva fotograf\u00eda). La tarjeta almacena como m\u00e1ximo 2 recargas. Cada recarga permite un n\u00famero ilimitado de viajes durante 30 d\u00edas consecutivos desde su primera validaci\u00f3n.<\/p><p>El precio del soporte es de <strong>2,15\u20ac.<\/strong> El precio de la recarga es de <strong>15,75 \u20ac<\/strong><\/p>\t\t\t\t\t\t\t\t<\/div>\n\t\t\t\t<\/div>\n\t\t\t\t<div class=\"elementor-element elementor-element-854346b elementor-align-justify elementor-widget elementor-widget-button\" data-id=\"854346b\" data-element_type=\"widget\" data-e-type=\"widget\" data-widget_type=\"button.default\">\n\t\t\t\t<div class=\"elementor-widget-container\">\n\t\t\t\t\t\t\t\t\t<div class=\"elementor-button-wrapper\">\n\t\t\t\t\t<a class=\"elementor-button elementor-button-link elementor-size-sm\" href=\"https:\/\/www.reustransport.cat\/wp-content\/uploads\/2017\/01\/plano2017.pdf\" target=\"_blank\" rel=\"noopener\">\n\t\t\t\t\t\t<span class=\"elementor-button-content-wrapper\">\n\t\t\t\t\t\t\t\t\t<span class=\"elementor-button-text\">Ver plano<\/span>\n\t\t\t\t\t<\/span>\n\t\t\t\t\t<\/a>\n\t\t\t\t<\/div>\n\t\t\t\t\t\t\t\t<\/div>\n\t\t\t\t<\/div>\n\t\t\t\t<\/div>\n\t\t\t\t<\/div>\n\t\t<div class=\"elementor-element elementor-element-9632e59 e-con-full e-flex e-con e-child\" data-id=\"9632e59\" data-element_type=\"container\" data-e-type=\"container\">\n\t\t<div class=\"elementor-element elementor-element-ea5d8f3 e-con-full e-flex e-con e-child\" data-id=\"ea5d8f3\" data-element_type=\"container\" data-e-type=\"container\">\n\t\t\t\t<div class=\"elementor-element elementor-element-82b859f elementor-widget elementor-widget-image\" data-id=\"82b859f\" data-element_type=\"widget\" data-e-type=\"widget\" data-widget_type=\"image.default\">\n\t\t\t\t<div class=\"elementor-widget-container\">\n\t\t\t\t\t\t\t\t\t\t\t\t\t\t\t<img loading=\"lazy\" decoding=\"async\" width=\"375\" height=\"260\" src=\"https:\/\/estancreus1.com\/wp-content\/uploads\/2025\/07\/tarjeta4.png\" class=\"attachment-large size-large wp-image-6675\" alt=\"\" srcset=\"https:\/\/estancreus1.com\/wp-content\/uploads\/2025\/07\/tarjeta4.png 375w, https:\/\/estancreus1.com\/wp-content\/uploads\/2025\/07\/tarjeta4-300x208.png 300w\" sizes=\"(max-width: 375px) 100vw, 375px\" title=\"\">\t\t\t\t\t\t\t\t\t\t\t\t\t\t\t<\/div>\n\t\t\t\t<\/div>\n\t\t\t\t<\/div>\n\t\t<div class=\"elementor-element elementor-element-88c5b3c e-con-full e-flex e-con e-child\" data-id=\"88c5b3c\" data-element_type=\"container\" data-e-type=\"container\">\n\t\t\t\t<div class=\"elementor-element elementor-element-804c8d1 elementor-widget elementor-widget-heading\" data-id=\"804c8d1\" data-element_type=\"widget\" data-e-type=\"widget\" data-widget_type=\"heading.default\">\n\t\t\t\t<div class=\"elementor-widget-container\">\n\t\t\t\t\t<h2 class=\"elementor-heading-title elementor-size-default\">Abono ATM T-10<\/h2>\t\t\t\t<\/div>\n\t\t\t\t<\/div>\n\t\t\t\t<div class=\"elementor-element elementor-element-2261b45 elementor-widget elementor-widget-text-editor\" data-id=\"2261b45\" data-element_type=\"widget\" data-e-type=\"widget\" data-widget_type=\"text-editor.default\">\n\t\t\t\t<div class=\"elementor-widget-container\">\n\t\t\t\t\t\t\t\t\t<p>T\u00edtulo de transporte multiviaje que permite realizar 10 desplazamientos en todos los modos de transporte integrados seg\u00fan las zonas a<br>atravesar (entre 1 y 3 zonas). T\u00edtulo <strong>multipersonal<\/strong> y horario.<\/p><div>T-10. 6,50\u20ac. 12,90\u20ac 18,50\u20ac<\/div><div>T-10\/30 5,30\u20ac. 10,55\u20ac. 14,45\u20ac<\/div><div>T- 50\/30 17,60\u20ac. 32,40\u20ac. 45,50\u20ac<\/div>\t\t\t\t\t\t\t\t<\/div>\n\t\t\t\t<\/div>\n\t\t\t\t<div class=\"elementor-element elementor-element-535725e elementor-align-justify elementor-widget elementor-widget-button\" data-id=\"535725e\" data-element_type=\"widget\" data-e-type=\"widget\" data-widget_type=\"button.default\">\n\t\t\t\t<div class=\"elementor-widget-container\">\n\t\t\t\t\t\t\t\t\t<div class=\"elementor-button-wrapper\">\n\t\t\t\t\t<a class=\"elementor-button elementor-button-link elementor-size-sm\" href=\"https:\/\/www.atmcamptarragona.cat\/es\/zonas-de-movilidad\/\" target=\"_blank\" rel=\"noopener\">\n\t\t\t\t\t\t<span class=\"elementor-button-content-wrapper\">\n\t\t\t\t\t\t\t\t\t<span class=\"elementor-button-text\">Ver zonas ATM<\/span>\n\t\t\t\t\t<\/span>\n\t\t\t\t\t<\/a>\n\t\t\t\t<\/div>\n\t\t\t\t\t\t\t\t<\/div>\n\t\t\t\t<\/div>\n\t\t\t\t<\/div>\n\t\t\t\t<\/div>\n\t\t\t\t\t<\/div>\n\t\t\t\t<\/div>\n\t\t\t\t<\/div>\n\t\t","protected":false},"excerpt":{"rendered":"<p>Recarga de tarjetasde transporte En nuestro estanco podr\u00e1s recargar tu tarjeta transporte T10, T10\/30 y TMES de Reus, as\u00ed como el abono ATM T-10 de Tarragona. Tarjeta T10 Reus Transport dispone de tarjetas multiviaje con abono sobre la tarifa general. La Tarjeta T10 est\u00e1 pensada para viajeros que utilizan el transporte urbano habitualmente. La tarjeta [&hellip;]<\/p>\n","protected":false},"author":1,"featured_media":0,"parent":7047,"menu_order":0,"comment_status":"closed","ping_status":"closed","template":"","meta":{"footnotes":""},"class_list":["post-6672","page","type-page","status-publish","hentry"],"_links":{"self":[{"href":"https:\/\/estancreus1.com\/es\/wp-json\/wp\/v2\/pages\/6672","targetHints":{"allow":["GET"]}}],"collection":[{"href":"https:\/\/estancreus1.com\/es\/wp-json\/wp\/v2\/pages"}],"about":[{"href":"https:\/\/estancreus1.com\/es\/wp-json\/wp\/v2\/types\/page"}],"author":[{"embeddable":true,"href":"https:\/\/estancreus1.com\/es\/wp-json\/wp\/v2\/users\/1"}],"replies":[{"embeddable":true,"href":"https:\/\/estancreus1.com\/es\/wp-json\/wp\/v2\/comments?post=6672"}],"version-history":[{"count":2,"href":"https:\/\/estancreus1.com\/es\/wp-json\/wp\/v2\/pages\/6672\/revisions"}],"predecessor-version":[{"id":6975,"href":"https:\/\/estancreus1.com\/es\/wp-json\/wp\/v2\/pages\/6672\/revisions\/6975"}],"up":[{"embeddable":true,"href":"https:\/\/estancreus1.com\/es\/wp-json\/wp\/v2\/pages\/7047"}],"wp:attachment":[{"href":"https:\/\/estancreus1.com\/es\/wp-json\/wp\/v2\/media?parent=6672"}],"curies":[{"name":"wp","href":"https:\/\/api.w.org\/{rel}","templated":true}]}}