{"id":6761,"date":"2025-07-07T09:24:57","date_gmt":"2025-07-07T09:24:57","guid":{"rendered":"https:\/\/estancreus1.com\/recarga-tarjetas-de-telefonia\/"},"modified":"2025-09-04T10:47:52","modified_gmt":"2025-09-04T10:47:52","slug":"recarga-tarjetas-de-telefonia","status":"publish","type":"page","link":"https:\/\/estancreus1.com\/es\/servicios\/recarga-tarjetas-de-telefonia\/","title":{"rendered":"Recarga tarjetas de telefon\u00eda"},"content":{"rendered":"\t\t<div data-elementor-type=\"wp-page\" data-elementor-id=\"6761\" class=\"elementor elementor-6761 elementor-5323\" data-elementor-post-type=\"page\">\n\t\t\t\t<div class=\"elementor-element elementor-element-5cbaa16 e-flex e-con-boxed e-con e-parent\" data-id=\"5cbaa16\" data-element_type=\"container\" data-e-type=\"container\">\n\t\t\t\t\t<div class=\"e-con-inner\">\n\t\t<div class=\"elementor-element elementor-element-13825e4 animated-slow e-flex e-con-boxed elementor-invisible e-con e-child\" data-id=\"13825e4\" data-element_type=\"container\" data-e-type=\"container\" data-settings=\"{&quot;animation&quot;:&quot;fadeInUp&quot;}\">\n\t\t\t\t\t<div class=\"e-con-inner\">\n\t\t<div class=\"elementor-element elementor-element-ae6997c e-con-full e-flex e-con e-child\" data-id=\"ae6997c\" data-element_type=\"container\" data-e-type=\"container\">\n\t\t\t\t<div class=\"elementor-element elementor-element-0a0f856 elementor-widget elementor-widget-heading\" data-id=\"0a0f856\" data-element_type=\"widget\" data-e-type=\"widget\" data-widget_type=\"heading.default\">\n\t\t\t\t<div class=\"elementor-widget-container\">\n\t\t\t\t\t<h1 class=\"elementor-heading-title elementor-size-default\">Venta de tarjetas de telefon\u00eda<\/h1>\t\t\t\t<\/div>\n\t\t\t\t<\/div>\n\t\t\t\t<\/div>\n\t\t<div class=\"elementor-element elementor-element-846e8a4 e-con-full e-flex e-con e-child\" data-id=\"846e8a4\" data-element_type=\"container\" data-e-type=\"container\">\n\t\t\t\t<div class=\"elementor-element elementor-element-8d610e0 elementor-widget__width-inherit elementor-widget-mobile__width-inherit animated-slow elementor-invisible elementor-widget elementor-widget-text-editor\" data-id=\"8d610e0\" data-element_type=\"widget\" data-e-type=\"widget\" data-settings=\"{&quot;_animation&quot;:&quot;fadeInUp&quot;}\" data-widget_type=\"text-editor.default\">\n\t\t\t\t<div class=\"elementor-widget-container\">\n\t\t\t\t\t\t\t\t\t<p>En esta secci\u00f3n se muestran los productos derivados del tabaco, que est\u00e9n hechos totalmente en parte de la hoja de tabaco como materia prima, y \u200b\u200bque tiene por objeto fumarse.<\/p>\t\t\t\t\t\t\t\t<\/div>\n\t\t\t\t<\/div>\n\t\t\t\t<\/div>\n\t\t\t\t\t<\/div>\n\t\t\t\t<\/div>\n\t\t\t\t\t<\/div>\n\t\t\t\t<\/div>\n\t\t<div class=\"elementor-element elementor-element-bb51556 e-grid animated-slow e-con-boxed elementor-invisible e-con e-parent\" data-id=\"bb51556\" data-element_type=\"container\" data-e-type=\"container\" id=\"logos\" data-settings=\"{&quot;animation&quot;:&quot;fadeIn&quot;}\">\n\t\t\t\t\t<div class=\"e-con-inner\">\n\t\t\t\t<div class=\"elementor-element elementor-element-7835852 elementor-widget elementor-widget-image\" data-id=\"7835852\" data-element_type=\"widget\" data-e-type=\"widget\" data-widget_type=\"image.default\">\n\t\t\t\t<div class=\"elementor-widget-container\">\n\t\t\t\t\t\t\t\t\t\t\t\t\t\t\t<img fetchpriority=\"high\" decoding=\"async\" width=\"604\" height=\"118\" src=\"https:\/\/estancreus1.com\/wp-content\/uploads\/2025\/07\/logo-movistar.svg\" class=\"attachment-large size-large wp-image-6766\" alt=\"\" title=\"\">\t\t\t\t\t\t\t\t\t\t\t\t\t\t\t<\/div>\n\t\t\t\t<\/div>\n\t\t\t\t<div class=\"elementor-element elementor-element-d50c9ae elementor-widget elementor-widget-image\" data-id=\"d50c9ae\" data-element_type=\"widget\" data-e-type=\"widget\" data-widget_type=\"image.default\">\n\t\t\t\t<div class=\"elementor-widget-container\">\n\t\t\t\t\t\t\t\t\t\t\t\t\t\t\t<img decoding=\"async\" width=\"800\" height=\"248\" src=\"https:\/\/estancreus1.com\/wp-content\/uploads\/2025\/07\/Yoigo_morado.svg-1024x317.png\" class=\"attachment-large size-large wp-image-6773\" alt=\"\" srcset=\"https:\/\/estancreus1.com\/wp-content\/uploads\/2025\/07\/Yoigo_morado.svg-1024x317.png 1024w, https:\/\/estancreus1.com\/wp-content\/uploads\/2025\/07\/Yoigo_morado.svg-300x93.png 300w, https:\/\/estancreus1.com\/wp-content\/uploads\/2025\/07\/Yoigo_morado.svg-768x238.png 768w, https:\/\/estancreus1.com\/wp-content\/uploads\/2025\/07\/Yoigo_morado.svg.png 1280w\" sizes=\"(max-width: 800px) 100vw, 800px\" title=\"\">\t\t\t\t\t\t\t\t\t\t\t\t\t\t\t<\/div>\n\t\t\t\t<\/div>\n\t\t\t\t<div class=\"elementor-element elementor-element-2c08326 elementor-widget elementor-widget-image\" data-id=\"2c08326\" data-element_type=\"widget\" data-e-type=\"widget\" data-widget_type=\"image.default\">\n\t\t\t\t<div class=\"elementor-widget-container\">\n\t\t\t\t\t\t\t\t\t\t\t\t\t\t\t<img decoding=\"async\" width=\"283\" height=\"283\" src=\"https:\/\/estancreus1.com\/wp-content\/uploads\/2025\/07\/Orange_logo.svg\" class=\"attachment-large size-large wp-image-6770\" alt=\"\" title=\"\">\t\t\t\t\t\t\t\t\t\t\t\t\t\t\t<\/div>\n\t\t\t\t<\/div>\n\t\t\t\t<div class=\"elementor-element elementor-element-c4e2d79 elementor-widget elementor-widget-image\" data-id=\"c4e2d79\" data-element_type=\"widget\" data-e-type=\"widget\" data-widget_type=\"image.default\">\n\t\t\t\t<div class=\"elementor-widget-container\">\n\t\t\t\t\t\t\t\t\t\t\t\t\t\t\t<img loading=\"lazy\" decoding=\"async\" width=\"139\" height=\"30\" src=\"https:\/\/estancreus1.com\/wp-content\/uploads\/2025\/07\/MASMOVIL.svg\" class=\"attachment-large size-large wp-image-6768\" alt=\"\" title=\"\">\t\t\t\t\t\t\t\t\t\t\t\t\t\t\t<\/div>\n\t\t\t\t<\/div>\n\t\t\t\t<div class=\"elementor-element elementor-element-e6746ad elementor-widget elementor-widget-image\" data-id=\"e6746ad\" data-element_type=\"widget\" data-e-type=\"widget\" data-widget_type=\"image.default\">\n\t\t\t\t<div class=\"elementor-widget-container\">\n\t\t\t\t\t\t\t\t\t\t\t\t\t\t\t<img loading=\"lazy\" decoding=\"async\" width=\"800\" height=\"264\" src=\"https:\/\/estancreus1.com\/wp-content\/uploads\/2025\/07\/Logo_Simyo.svg\" class=\"attachment-large size-large wp-image-6765\" alt=\"\" title=\"\">\t\t\t\t\t\t\t\t\t\t\t\t\t\t\t<\/div>\n\t\t\t\t<\/div>\n\t\t\t\t<div class=\"elementor-element elementor-element-32fb7b8 elementor-widget elementor-widget-image\" data-id=\"32fb7b8\" data-element_type=\"widget\" data-e-type=\"widget\" data-widget_type=\"image.default\">\n\t\t\t\t<div class=\"elementor-widget-container\">\n\t\t\t\t\t\t\t\t\t\t\t\t\t\t\t<img loading=\"lazy\" decoding=\"async\" width=\"192\" height=\"47\" src=\"https:\/\/estancreus1.com\/wp-content\/uploads\/2025\/07\/Jazztel.svg\" class=\"attachment-large size-large wp-image-6764\" alt=\"\" title=\"\">\t\t\t\t\t\t\t\t\t\t\t\t\t\t\t<\/div>\n\t\t\t\t<\/div>\n\t\t\t\t<div class=\"elementor-element elementor-element-d2a40bc elementor-widget elementor-widget-image\" data-id=\"d2a40bc\" data-element_type=\"widget\" data-e-type=\"widget\" data-widget_type=\"image.default\">\n\t\t\t\t<div class=\"elementor-widget-container\">\n\t\t\t\t\t\t\t\t\t\t\t\t\t\t\t<img loading=\"lazy\" decoding=\"async\" width=\"173\" height=\"41\" src=\"https:\/\/estancreus1.com\/wp-content\/uploads\/2025\/07\/Digi_logo.svg\" class=\"attachment-large size-large wp-image-6762\" alt=\"\" title=\"\">\t\t\t\t\t\t\t\t\t\t\t\t\t\t\t<\/div>\n\t\t\t\t<\/div>\n\t\t\t\t<div class=\"elementor-element elementor-element-92aa1db elementor-widget elementor-widget-image\" data-id=\"92aa1db\" data-element_type=\"widget\" data-e-type=\"widget\" data-widget_type=\"image.default\">\n\t\t\t\t<div class=\"elementor-widget-container\">\n\t\t\t\t\t\t\t\t\t\t\t\t\t\t\t<img loading=\"lazy\" decoding=\"async\" width=\"139\" height=\"30\" src=\"https:\/\/estancreus1.com\/wp-content\/uploads\/2025\/07\/idIcXCGwyu_logos.svg\" class=\"attachment-large size-large wp-image-6776\" alt=\"\" title=\"\">\t\t\t\t\t\t\t\t\t\t\t\t\t\t\t<\/div>\n\t\t\t\t<\/div>\n\t\t\t\t<div class=\"elementor-element elementor-element-affca97 elementor-widget elementor-widget-image\" data-id=\"affca97\" data-element_type=\"widget\" data-e-type=\"widget\" data-widget_type=\"image.default\">\n\t\t\t\t<div class=\"elementor-widget-container\">\n\t\t\t\t\t\t\t\t\t\t\t\t\t\t\t<img loading=\"lazy\" decoding=\"async\" width=\"800\" height=\"571\" src=\"https:\/\/estancreus1.com\/wp-content\/uploads\/2025\/09\/Logo-Vodafone-vertical-color-rojo--1024x731.png\" class=\"attachment-large size-large wp-image-7089\" alt=\"\" srcset=\"https:\/\/estancreus1.com\/wp-content\/uploads\/2025\/09\/Logo-Vodafone-vertical-color-rojo--1024x731.png 1024w, https:\/\/estancreus1.com\/wp-content\/uploads\/2025\/09\/Logo-Vodafone-vertical-color-rojo--300x214.png 300w, https:\/\/estancreus1.com\/wp-content\/uploads\/2025\/09\/Logo-Vodafone-vertical-color-rojo--768x548.png 768w, https:\/\/estancreus1.com\/wp-content\/uploads\/2025\/09\/Logo-Vodafone-vertical-color-rojo--1536x1097.png 1536w, https:\/\/estancreus1.com\/wp-content\/uploads\/2025\/09\/Logo-Vodafone-vertical-color-rojo--2048x1463.png 2048w\" sizes=\"(max-width: 800px) 100vw, 800px\" title=\"\">\t\t\t\t\t\t\t\t\t\t\t\t\t\t\t<\/div>\n\t\t\t\t<\/div>\n\t\t\t\t<div class=\"elementor-element elementor-element-754941c elementor-widget elementor-widget-image\" data-id=\"754941c\" data-element_type=\"widget\" data-e-type=\"widget\" data-widget_type=\"image.default\">\n\t\t\t\t<div class=\"elementor-widget-container\">\n\t\t\t\t\t\t\t\t\t\t\t\t\t\t\t<img loading=\"lazy\" decoding=\"async\" width=\"141\" height=\"67\" src=\"https:\/\/estancreus1.com\/wp-content\/uploads\/2025\/07\/idNmaVzZto_1751881061840.svg\" class=\"attachment-large size-large wp-image-6778\" alt=\"\" title=\"\">\t\t\t\t\t\t\t\t\t\t\t\t\t\t\t<\/div>\n\t\t\t\t<\/div>\n\t\t\t\t<div class=\"elementor-element elementor-element-b130d59 elementor-widget elementor-widget-image\" data-id=\"b130d59\" data-element_type=\"widget\" data-e-type=\"widget\" data-widget_type=\"image.default\">\n\t\t\t\t<div class=\"elementor-widget-container\">\n\t\t\t\t\t\t\t\t\t\t\t\t\t\t\t<img loading=\"lazy\" decoding=\"async\" width=\"800\" height=\"330\" src=\"https:\/\/estancreus1.com\/wp-content\/uploads\/2025\/09\/youmobile-logo-1024x423.png\" class=\"attachment-large size-large wp-image-7090\" alt=\"\" srcset=\"https:\/\/estancreus1.com\/wp-content\/uploads\/2025\/09\/youmobile-logo-1024x423.png 1024w, https:\/\/estancreus1.com\/wp-content\/uploads\/2025\/09\/youmobile-logo-300x124.png 300w, https:\/\/estancreus1.com\/wp-content\/uploads\/2025\/09\/youmobile-logo-768x317.png 768w, https:\/\/estancreus1.com\/wp-content\/uploads\/2025\/09\/youmobile-logo-1536x634.png 1536w, https:\/\/estancreus1.com\/wp-content\/uploads\/2025\/09\/youmobile-logo.png 1618w\" sizes=\"(max-width: 800px) 100vw, 800px\" title=\"\">\t\t\t\t\t\t\t\t\t\t\t\t\t\t\t<\/div>\n\t\t\t\t<\/div>\n\t\t\t\t<div class=\"elementor-element elementor-element-fe02a12 elementor-widget elementor-widget-image\" data-id=\"fe02a12\" data-element_type=\"widget\" data-e-type=\"widget\" data-widget_type=\"image.default\">\n\t\t\t\t<div class=\"elementor-widget-container\">\n\t\t\t\t\t\t\t\t\t\t\t\t\t\t\t<img loading=\"lazy\" decoding=\"async\" width=\"500\" height=\"217\" src=\"https:\/\/estancreus1.com\/wp-content\/uploads\/2025\/09\/Logo-Libon-Rhino-RGB-2022-H.webp\" class=\"attachment-large size-large wp-image-7091\" alt=\"\" srcset=\"https:\/\/estancreus1.com\/wp-content\/uploads\/2025\/09\/Logo-Libon-Rhino-RGB-2022-H.webp 500w, https:\/\/estancreus1.com\/wp-content\/uploads\/2025\/09\/Logo-Libon-Rhino-RGB-2022-H-300x130.webp 300w\" sizes=\"(max-width: 500px) 100vw, 500px\" title=\"\">\t\t\t\t\t\t\t\t\t\t\t\t\t\t\t<\/div>\n\t\t\t\t<\/div>\n\t\t\t\t\t<\/div>\n\t\t\t\t<\/div>\n\t\t\t\t<\/div>\n\t\t","protected":false},"excerpt":{"rendered":"<p>Venta de tarjetas de telefon\u00eda En esta secci\u00f3n se muestran los productos derivados del tabaco, que est\u00e9n hechos totalmente en parte de la hoja de tabaco como materia prima, y \u200b\u200bque tiene por objeto fumarse.<\/p>\n","protected":false},"author":1,"featured_media":0,"parent":7047,"menu_order":0,"comment_status":"closed","ping_status":"closed","template":"","meta":{"footnotes":""},"class_list":["post-6761","page","type-page","status-publish","hentry"],"_links":{"self":[{"href":"https:\/\/estancreus1.com\/es\/wp-json\/wp\/v2\/pages\/6761","targetHints":{"allow":["GET"]}}],"collection":[{"href":"https:\/\/estancreus1.com\/es\/wp-json\/wp\/v2\/pages"}],"about":[{"href":"https:\/\/estancreus1.com\/es\/wp-json\/wp\/v2\/types\/page"}],"author":[{"embeddable":true,"href":"https:\/\/estancreus1.com\/es\/wp-json\/wp\/v2\/users\/1"}],"replies":[{"embeddable":true,"href":"https:\/\/estancreus1.com\/es\/wp-json\/wp\/v2\/comments?post=6761"}],"version-history":[{"count":2,"href":"https:\/\/estancreus1.com\/es\/wp-json\/wp\/v2\/pages\/6761\/revisions"}],"predecessor-version":[{"id":7092,"href":"https:\/\/estancreus1.com\/es\/wp-json\/wp\/v2\/pages\/6761\/revisions\/7092"}],"up":[{"embeddable":true,"href":"https:\/\/estancreus1.com\/es\/wp-json\/wp\/v2\/pages\/7047"}],"wp:attachment":[{"href":"https:\/\/estancreus1.com\/es\/wp-json\/wp\/v2\/media?parent=6761"}],"curies":[{"name":"wp","href":"https:\/\/api.w.org\/{rel}","templated":true}]}}